{"id":9537,"date":"2021-01-22T18:07:20","date_gmt":"2021-01-22T18:07:20","guid":{"rendered":"https:\/\/joannalyle.com\/spedizioni\/"},"modified":"2021-02-03T12:29:58","modified_gmt":"2021-02-03T11:29:58","slug":"spedizioni","status":"publish","type":"page","link":"https:\/\/joannalyle.com\/it\/spedizioni\/","title":{"rendered":"SPEDIZIONI"},"content":{"rendered":"<p>&nbsp;<\/p>\n<h3 style=\"text-align: center;\"><strong><span class=\"VIiyi\" lang=\"en\"><span class=\"JLqJ4b ChMk0b\" data-language-for-alternatives=\"en\" data-language-to-translate-into=\"it\" data-phrase-index=\"0\">avviso :<\/span><\/span><\/strong><\/h3>\n<p style=\"text-align: center;\"><strong><span class=\"VIiyi\" lang=\"en\"><span class=\"JLqJ4b ChMk0b\" data-language-for-alternatives=\"en\" data-language-to-translate-into=\"it\" data-phrase-index=\"2\">Dal 1 gennaio 2021 il Regno Unito non fa piu&#8217; parte dell&#8217;Unione Europea e quindi le regole per le spedizioni extra UE,<\/span><\/span><\/strong><\/p>\n<p style=\"text-align: center;\"><strong><span class=\"VIiyi\" lang=\"en\"><span class=\"JLqJ4b ChMk0b\" data-language-for-alternatives=\"en\" data-language-to-translate-into=\"it\" data-phrase-index=\"2\">che includono anche documenti doganali, devono essere applicati alle spedizioni nel Regno Unito.<\/span><\/span><\/strong><\/p>\n<p style=\"text-align: center;\"><strong><span class=\"VIiyi\" lang=\"en\"><span class=\"JLqJ4b ChMk0b\" data-language-for-alternatives=\"en\" data-language-to-translate-into=\"it\" data-phrase-index=\"2\">Si prega di informarsi presso la dogana del Regno Unito per eventuali costi aggiuntivi come dazi e tasse locali.<\/span><\/span><\/strong><\/p>\n<p>&nbsp;<\/p>\n<p>&nbsp;<\/p>\n<p style=\"text-align: center;\">I prodotti vengono solitamente consegnati da UPS o DHL, per i quali e&#8217; disponibile il servizio di tracciamento. In caso di circostanze impreviste,<\/p>\n<p style=\"text-align: center;\">ci riserviamo il diritto di scegliere un altro vettore che fornisca gli stessi servizi di tracciabilita&#8217;.<\/p>\n<p style=\"text-align: center;\">Il corriere consegna dal luned\u00ec al venerd\u00ec, sia la mattina che il pomeriggio.<\/p>\n<p style=\"text-align: center;\">Il destinatario non puo&#8217; richiedere un giorno o un&#8217;ora specifici per la consegna. In assenza del destinatario, il corriere lascera&#8217; un avviso all&#8217;indirizzo del destinatario.<\/p>\n<p style=\"text-align: center;\">La consegna verra&#8217; tentata due volte, dopodiche&#8217; il corriere tentera&#8217; di contattare il destinatario.<\/p>\n<p style=\"text-align: center;\">Joanna Lyle non sara&#8217; ritenuta responsabile per l&#8217;eventuale mancata consegna tempestiva da parte del corriere.<\/p>\n<p style=\"text-align: center;\">In caso di consegne presso ricevimenti (firmati dalla receptionist), Joanna Lyle non sar\u00e0 ritenuta responsabile per il pacco in arrivo al destinatario finale.<\/p>\n<p style=\"text-align: center;\">Se uno stato non e&#8217; nell&#8217;elenco dei paesi, significa che la consegna non e&#8217; attualmente disponibile per quella destinazione;<\/p>\n<p style=\"text-align: center;\">tuttavia, poiche&#8217; Joanna Lyle sta cercando di estendere l&#8217;elenco dei paesi in cui effettua consegne, ti consigliamo di contattare <a href=\"mailto:customer@joannalyle.com\">customer@joannalyle.com<\/a><\/p>\n<p style=\"text-align: center;\">Al momento della consegna, il Cliente sara&#8217; tenuto a controllare:<\/p>\n<ul style=\"text-align: center;\">\n<li>Che il numero dei colli in consegna corrisponda al numero riportato sulla bolla di consegna;<\/li>\n<li>Che l&#8217;imballo risulti integro, non danneggiato, ne&#8217; bagnato o rovinato, anche con riferimento ai materiali utilizzati per la sigillatura (nastro adesivo o reggette metalliche).<\/li>\n<\/ul>\n<p style=\"text-align: center;\">Eventuali danni all&#8217;imballo e\/o al prodotto o qualsiasi mancanza di corrispondenza nel numero dei colli o nei dettagli,<\/p>\n<p style=\"text-align: center;\">deve essere immediatamente comunicato indicando la natura del problema sulla bolla di consegna del prodotto, che dovra essere restituita al vettore.<\/p>\n<p style=\"text-align: center;\">Eventuali problemi con riferimento all&#8217;integrita&#8217; fisica, alla corrispondenza o alla completezza della merce ricevuta devono essere<\/p>\n<p style=\"text-align: center;\">notificato entro 14 giorni dalla consegna, secondo le modalita&#8217; indicate nel presente documento.<\/p>\n<p style=\"text-align: center;\"><strong>SPESE DI SPEDIZIONE<\/strong><\/p>\n<p style=\"text-align: center;\">Le spese di spedizione dipendono dalla destinazione e dal rapporto peso\/volume del pacco.<\/p>\n<p style=\"text-align: center;\">Potete vedere, online, il costo della spedizione alla fine del processo d&#8217;ordine, prima della conferma dell&#8217;ordine.<\/p>\n<div class=\"J0lOec\" style=\"text-align: center;\"><span class=\"VIiyi\" lang=\"en\"><span class=\"JLqJ4b ChMk0b\" data-language-for-alternatives=\"en\" data-language-to-translate-into=\"it\" data-phrase-index=\"0\">SPEDIZIONI NAZIONALI (ITALIA):<\/span><\/span><\/div>\n<div style=\"text-align: center;\"><\/div>\n<div class=\"J0lOec\" style=\"text-align: center;\"><span class=\"VIiyi\" lang=\"en\"> <span class=\"JLqJ4b ChMk0b\" data-language-for-alternatives=\"en\" data-language-to-translate-into=\"it\" data-phrase-index=\"2\">da 50 gr.<\/span> <span class=\"JLqJ4b ChMk0b\" data-language-for-alternatives=\"en\" data-language-to-translate-into=\"it\" data-phrase-index=\"3\">fino a 1000 gr. <\/span> <span class=\"JLqJ4b ChMk0b\" data-language-for-alternatives=\"en\" data-language-to-translate-into=\"it\" data-phrase-index=\"4\">\u20ac 7.50<\/span><\/span><\/div>\n<div class=\"J0lOec\" style=\"text-align: center;\"><span class=\"VIiyi\" lang=\"en\"><span class=\"JLqJ4b ChMk0b\" data-language-for-alternatives=\"en\" data-language-to-translate-into=\"it\" data-phrase-index=\"6\">da 1001 gr.<\/span> <span class=\"JLqJ4b ChMk0b\" data-language-for-alternatives=\"en\" data-language-to-translate-into=\"it\" data-phrase-index=\"7\">fino a 2000 gr.<\/span>              <span class=\"JLqJ4b ChMk0b\" data-language-for-alternatives=\"en\" data-language-to-translate-into=\"it\" data-phrase-index=\"8\">\u20ac 13.50<\/span><\/span><\/div>\n<div style=\"text-align: center;\"><\/div>\n<div class=\"J0lOec\" style=\"text-align: center;\"><span class=\"VIiyi\" lang=\"en\"><span class=\"JLqJ4b ChMk0b\" data-language-for-alternatives=\"en\" data-language-to-translate-into=\"it\" data-phrase-index=\"10\">Monitoraggio :<\/span> <\/span><\/div>\n<div class=\"J0lOec\" style=\"text-align: center;\"><span class=\"VIiyi\" lang=\"en\"><span class=\"JLqJ4b ChMk0b\" data-language-for-alternatives=\"en\" data-language-to-translate-into=\"it\" data-phrase-index=\"12\">Puoi conoscere lo stato della tua spedizione nel modo seguente:<\/span><\/span><\/div>\n<div class=\"J0lOec\" style=\"text-align: center;\"><span class=\"VIiyi\" lang=\"en\"> <span class=\"JLqJ4b ChMk0b\" data-language-for-alternatives=\"en\" data-language-to-translate-into=\"it\" data-phrase-index=\"14\">\u2022 Collegati al sito di monitoraggio del corriere inserendo il codice, trovando il numero o il codice nell&#8217;e-mail che riceverai.<\/span> <\/span><\/div>\n<div class=\"J0lOec\" style=\"text-align: center;\"><span class=\"VIiyi\" lang=\"en\"><span class=\"JLqJ4b ChMk0b\" data-language-for-alternatives=\"en\" data-language-to-translate-into=\"it\" data-phrase-index=\"16\">\u2022 Il codice deve essere inserito senza interruzioni e senza trattino (es. : 050000201242)<\/span> <\/span><\/div>\n<div style=\"text-align: center;\"><\/div>\n<div class=\"J0lOec\" style=\"text-align: center;\"><span class=\"VIiyi\" lang=\"en\"><span class=\"JLqJ4b ChMk0b\" data-language-for-alternatives=\"en\" data-language-to-translate-into=\"it\" data-phrase-index=\"18\">SPEDIZIONI EUROPEE ed INTERNAZIONALI:<\/span> <\/span><\/div>\n<div style=\"text-align: center;\"><\/div>\n<div class=\"J0lOec\" style=\"text-align: center;\"><span class=\"VIiyi\" lang=\"en\"><span class=\"JLqJ4b ChMk0b\" data-language-for-alternatives=\"en\" data-language-to-translate-into=\"it\" data-phrase-index=\"20\"> ZONA 1 ZONA 2 ZONA 3<\/span> <\/span><\/div>\n<div class=\"J0lOec\" style=\"text-align: center;\"><span class=\"VIiyi\" lang=\"en\"><span class=\"JLqJ4b ChMk0b\" data-language-for-alternatives=\"en\" data-language-to-translate-into=\"it\" data-phrase-index=\"22\">da 100 gr.<\/span> <span class=\"JLqJ4b ChMk0b\" data-language-for-alternatives=\"en\" data-language-to-translate-into=\"it\" data-phrase-index=\"23\">fino a 1000 gr.<\/span>              <span class=\"JLqJ4b ChMk0b\" data-language-for-alternatives=\"en\" data-language-to-translate-into=\"it\" data-phrase-index=\"24\">\u20ac 15.00 \u20ac 20.00 \u20ac 27.00<\/span><\/span><\/div>\n<div class=\"J0lOec\" style=\"text-align: center;\"><span class=\"VIiyi\" lang=\"en\"> <span class=\"JLqJ4b ChMk0b\" data-language-for-alternatives=\"en\" data-language-to-translate-into=\"it\" data-phrase-index=\"26\">da 1001 gr.<\/span> <span class=\"JLqJ4b ChMk0b\" data-language-for-alternatives=\"en\" data-language-to-translate-into=\"it\" data-phrase-index=\"27\">fino a 2000 gr.<\/span>            <span class=\"JLqJ4b ChMk0b\" data-language-for-alternatives=\"en\" data-language-to-translate-into=\"it\" data-phrase-index=\"28\">\u20ac 26.50 \u20ac 37.50 \u20ac 47.50<\/span> <\/span><\/div>\n<div class=\"J0lOec\" style=\"text-align: center;\"><span class=\"VIiyi\" lang=\"en\"><span class=\"JLqJ4b ChMk0b\" data-language-for-alternatives=\"en\" data-language-to-translate-into=\"it\" data-phrase-index=\"30\">sopra 2001 gr.<\/span>                                        <span class=\"JLqJ4b ChMk0b\" data-language-for-alternatives=\"en\" data-language-to-translate-into=\"it\" data-phrase-index=\"31\">Contattare: customer@joannalyle.com<\/span><\/span><\/div>\n<div style=\"text-align: center;\"><\/div>\n<div class=\"UdTY9 Yb6eTe\" style=\"text-align: center;\" aria-hidden=\"true\" data-location=\"2\">\n<div class=\"kO6q6e\"><\/div>\n<\/div>\n<p style=\"text-align: center;\"><strong>TEMPI DI CONSEGNA<\/strong><\/p>\n<p style=\"text-align: center;\">Gli ordini vengono spediti 24 ore dopo il ricevimento dell&#8217;ordine, trascorsi i quali i tempi di consegna sono di 5\/6 giorni lavorativi per il servizio in Europa continentale,<\/p>\n<p style=\"text-align: center;\">e 10\/15 giorni lavorativi per i paesi extraeuropei. La consegna del tuo ordine potrebbe subire ritardi a causa della temporanea indisponibilit\u00e0 del\/i prodotto\/i;<\/p>\n<p style=\"text-align: center;\">mancato completamento della consegna tempestiva da parte del corriere; circostanze impreviste od incontrollabili;<\/p>\n<p style=\"text-align: center;\">o a causa di giorni festivi. In caso di pagamento con carta di credito o PayPal, il tuo ordine potrebbe subire ritardi se il pagamento non e&#8217; autorizzato<\/p>\n<p style=\"text-align: center;\">o se i fondi sono insufficienti. Se non hai ricevuto il tuo ordine dopo 8 giorni lavorativi (esclusi sabato e domenica),<\/p>\n<p style=\"text-align: center;\">per favore contattate il servizio clienti a <a href=\"mailto:customer@joannalyle.com\">customer@joannalyle.com<\/a><\/p>\n<p style=\"text-align: center;\">I tempi di consegna indicati da JL sono puramente indicativi ed un ritardo della stessa,<\/p>\n<p style=\"text-align: center;\">o qualsiasi consegna effettuata con consegne frazionate successive, non dara&#8217; diritto al Cliente di rifiutare la consegna o di richiedere un risarcimento o un indennizzo.<\/p>\n<p style=\"text-align: center;\"><strong>TASSE E DAZI<\/strong><\/p>\n<p style=\"text-align: center;\">In caso di spedizioni in paesi al di fuori dell&#8217;Unione Europea, la merce potrebbe essere soggetta a dazi doganali e\/o tasse.<\/p>\n<p style=\"text-align: center;\">Eventuali tasse aggiuntive per lo sdoganamento saranno a carico del destinatario. In caso di merce non consegnata<\/p>\n<p style=\"text-align: center;\">(dovuto, ad esempio, al destinatario che ha fornito un indirizzo e\/o un numero di telefono errati, o la ripetuta assenza del destinatario all&#8217;indirizzo fornito),<\/p>\n<p style=\"text-align: center;\">oppure se la merce non viene accettata dal cliente, al destinatario sara&#8217; addebitata una commissione a copertura delle seguenti<\/p>\n<p style=\"text-align: center;\">spese: spedizione della merce + spedizione di ritorno della merce + eventuali tasse doganali per la restituzione della merce. Al cliente verra&#8217; rimborsato il costo della merce stessa.<\/p>\n<p style=\"text-align: center;\">I dazi doganali e le tasse vengono addebitati all&#8217;arrivo della merce nel paese di destinazione e il costo varia a seconda del paese.<\/p>\n<p style=\"text-align: center;\">Per ulteriori informazioni su dazi e tasse e per prevedere lo sdoganamento delle merci, ti consigliamo di contattare l&#8217;ufficio doganale locale.<\/p>\n<p style=\"text-align: center;\"><em>Il nostro Servizio Clienti \u00e8 a tua disposizione per qualsiasi informazione dal luned\u00ec al venerd\u00ec, dalle 14.30 alle 18.00. <\/em><\/p>\n<p style=\"text-align: center;\"><em>I metodi migliori per contattarci sono la chat del sito o l&#8217;e-mail, l&#8217;indirizzo \u00e8 <\/em><a href=\"mailto:customer@joannalyle.com\">customer@joannalyle.com<\/a><\/p>\n<p style=\"text-align: center;\"><em>Se ci chiami al <\/em><em>(+39) 026572810 potrebbe volerci un po&#8217; piu&#8217; del solito.<\/em><\/p>\n<p style=\"text-align: center;\"><em>Non preoccuparti, siamo pronti a rispondere a tutte le tue domande.<\/em><\/p>\n<p style=\"text-align: center;\"><strong>Grazie per la tua fiducia e comprensione<\/strong><\/p>\n","protected":false},"excerpt":{"rendered":"<p>&nbsp; avviso : Dal 1 gennaio 2021 il Regno Unito non fa piu&#8217; parte dell&#8217;Unione Europea e quindi le regole per le spedizioni extra UE, che includono anche [&#8230;]<\/p>\n<p><a class=\"btn btn-secondary understrap-read-more-link\" href=\"https:\/\/joannalyle.com\/it\/spedizioni\/\">Leggi di pi\u00f9&#8230;<span class=\"screen-reader-text\"> from SPEDIZIONI<\/span><\/a><\/p>\n","protected":false},"author":1,"featured_media":0,"parent":0,"menu_order":0,"comment_status":"closed","ping_status":"closed","template":"","meta":{"_acf_changed":false,"om_disable_all_campaigns":false,"_monsterinsights_skip_tracking":false,"_monsterinsights_sitenote_active":false,"_monsterinsights_sitenote_note":"","_monsterinsights_sitenote_category":0,"_uf_show_specific_survey":0,"_uf_disable_surveys":false,"footnotes":""},"class_list":["post-9537","page","type-page","status-publish","hentry"],"acf":[],"aioseo_notices":[],"_links":{"self":[{"href":"https:\/\/joannalyle.com\/it\/wp-json\/wp\/v2\/pages\/9537","targetHints":{"allow":["GET"]}}],"collection":[{"href":"https:\/\/joannalyle.com\/it\/wp-json\/wp\/v2\/pages"}],"about":[{"href":"https:\/\/joannalyle.com\/it\/wp-json\/wp\/v2\/types\/page"}],"author":[{"embeddable":true,"href":"https:\/\/joannalyle.com\/it\/wp-json\/wp\/v2\/users\/1"}],"replies":[{"embeddable":true,"href":"https:\/\/joannalyle.com\/it\/wp-json\/wp\/v2\/comments?post=9537"}],"version-history":[{"count":3,"href":"https:\/\/joannalyle.com\/it\/wp-json\/wp\/v2\/pages\/9537\/revisions"}],"predecessor-version":[{"id":11971,"href":"https:\/\/joannalyle.com\/it\/wp-json\/wp\/v2\/pages\/9537\/revisions\/11971"}],"wp:attachment":[{"href":"https:\/\/joannalyle.com\/it\/wp-json\/wp\/v2\/media?parent=9537"}],"curies":[{"name":"wp","href":"https:\/\/api.w.org\/{rel}","templated":true}]}}