{"id":16789,"date":"2025-01-22T13:18:14","date_gmt":"2025-01-22T12:18:14","guid":{"rendered":"https:\/\/joannalyle.com\/product\/annika-blusa-in-sea-grass-big-mosaico\/"},"modified":"2025-02-17T00:03:48","modified_gmt":"2025-02-16T23:03:48","slug":"annika-blouse-in-sea-grass-big-mosaico","status":"publish","type":"product","link":"https:\/\/joannalyle.com\/it\/prodotto\/annika-blouse-in-sea-grass-big-mosaico\/","title":{"rendered":"Annika blusa in Sea Grass Big Mosaico"},"content":{"rendered":"<p>&nbsp;<\/p>\n<h5>Blusa dalla linea morbida, con scollo a barchetta, in raso di pura seta, con spalla scesa e maniche a tre quarti.<\/h5>\n<h5>Rispetto alla nostra blusa Costanza, Annika \u00e8 pi\u00f9 corta e pi\u00f9 larga.<\/h5>\n<h5><\/h5>\n","protected":false},"excerpt":{"rendered":"<p>Blusa dalla linea morbida, con collo a barchetta, in raso di pura seta [&#8230;]<\/p>\n<p><a class=\"btn btn-secondary understrap-read-more-link\" href=\"https:\/\/joannalyle.com\/it\/prodotto\/annika-blouse-in-sea-grass-big-mosaico\/\">Leggi di pi\u00f9&#8230;<span class=\"screen-reader-text\"> from Annika blusa in Sea Grass Big Mosaico<\/span><\/a><\/p>\n","protected":false},"featured_media":16497,"template":"","meta":{"_acf_changed":false,"om_disable_all_campaigns":false,"_monsterinsights_skip_tracking":false,"_monsterinsights_sitenote_active":false,"_monsterinsights_sitenote_note":"","_monsterinsights_sitenote_category":0,"_uf_show_specific_survey":0,"_uf_disable_surveys":false},"product_brand":[],"product_cat":[657,649],"product_tag":[],"giftcard-category":[],"class_list":{"0":"post-16789","1":"product","2":"type-product","3":"status-publish","4":"has-post-thumbnail","6":"product_cat-camicie","7":"product_cat-donna","8":"pa_size-extra-large-on-request-it","9":"pa_size-extra-small-on-request-it","10":"pa_size-large-on-request-it","11":"pa_size-medium","12":"pa_size-small-it","14":"first","15":"instock","16":"taxable","17":"shipping-taxable","18":"purchasable","19":"product-type-variable","20":"has-default-attributes"},"acf":[],"aioseo_notices":[],"_links":{"self":[{"href":"https:\/\/joannalyle.com\/it\/wp-json\/wp\/v2\/product\/16789","targetHints":{"allow":["GET"]}}],"collection":[{"href":"https:\/\/joannalyle.com\/it\/wp-json\/wp\/v2\/product"}],"about":[{"href":"https:\/\/joannalyle.com\/it\/wp-json\/wp\/v2\/types\/product"}],"wp:featuredmedia":[{"embeddable":true,"href":"https:\/\/joannalyle.com\/it\/wp-json\/wp\/v2\/media\/16497"}],"wp:attachment":[{"href":"https:\/\/joannalyle.com\/it\/wp-json\/wp\/v2\/media?parent=16789"}],"wp:term":[{"taxonomy":"product_brand","embeddable":true,"href":"https:\/\/joannalyle.com\/it\/wp-json\/wp\/v2\/product_brand?post=16789"},{"taxonomy":"product_cat","embeddable":true,"href":"https:\/\/joannalyle.com\/it\/wp-json\/wp\/v2\/product_cat?post=16789"},{"taxonomy":"product_tag","embeddable":true,"href":"https:\/\/joannalyle.com\/it\/wp-json\/wp\/v2\/product_tag?post=16789"},{"taxonomy":"giftcard-category","embeddable":true,"href":"https:\/\/joannalyle.com\/it\/wp-json\/wp\/v2\/giftcard-category?post=16789"}],"curies":[{"name":"wp","href":"https:\/\/api.w.org\/{rel}","templated":true}]}}