{"id":17866,"date":"2024-03-07T14:17:20","date_gmt":"2022-06-10T12:17:22","guid":{"rendered":"https:\/\/joannalyle.com\/?post_type=product&#038;p=17866"},"modified":"2024-08-01T00:04:39","modified_gmt":"2024-07-31T22:04:39","slug":"annika-blouse-in-emerald-big-mosaico","status":"publish","type":"product","link":"https:\/\/joannalyle.com\/it\/prodotto\/annika-blouse-in-emerald-big-mosaico\/","title":{"rendered":"Annika in Big Mosaico Emerald"},"content":{"rendered":"<p>&nbsp;<\/p>\n<h5>Blusa dalla linea morbida, con scollo a barchetta, in raso di pura seta, con spalla scesa e maniche a tre quarti.<\/h5>\n<h5>Rispetto alla nostra blusa Costanza, Annika \u00e8 pi\u00f9 corta e pi\u00f9 larga.<\/h5>\n<h5><\/h5>\n","protected":false},"excerpt":{"rendered":"<p>Blusa dalla linea morbida, con collo a barchetta, in raso di pura seta [&#8230;]<\/p>\n<p><a class=\"btn btn-secondary understrap-read-more-link\" href=\"https:\/\/joannalyle.com\/it\/prodotto\/annika-blouse-in-emerald-big-mosaico\/\">Leggi di pi\u00f9&#8230;<span class=\"screen-reader-text\"> from Annika in Big Mosaico Emerald<\/span><\/a><\/p>\n","protected":false},"featured_media":17884,"template":"","meta":{"_acf_changed":false,"om_disable_all_campaigns":false,"_monsterinsights_skip_tracking":false,"_monsterinsights_sitenote_active":false,"_monsterinsights_sitenote_note":"","_monsterinsights_sitenote_category":0,"_uf_show_specific_survey":0,"_uf_disable_surveys":false},"product_brand":[],"product_cat":[657,649],"product_tag":[],"giftcard-category":[],"class_list":{"0":"post-17866","1":"product","2":"type-product","3":"status-publish","4":"has-post-thumbnail","6":"product_cat-camicie","7":"product_cat-donna","8":"pa_size-extra-large-on-request-it","9":"pa_size-extra-small-on-request-it","10":"pa_size-large-on-request-it","11":"pa_size-medium-on-request-it","12":"pa_size-small-it","14":"first","15":"instock","16":"taxable","17":"shipping-taxable","18":"purchasable","19":"product-type-variable"},"acf":[],"aioseo_notices":[],"_links":{"self":[{"href":"https:\/\/joannalyle.com\/it\/wp-json\/wp\/v2\/product\/17866","targetHints":{"allow":["GET"]}}],"collection":[{"href":"https:\/\/joannalyle.com\/it\/wp-json\/wp\/v2\/product"}],"about":[{"href":"https:\/\/joannalyle.com\/it\/wp-json\/wp\/v2\/types\/product"}],"wp:featuredmedia":[{"embeddable":true,"href":"https:\/\/joannalyle.com\/it\/wp-json\/wp\/v2\/media\/17884"}],"wp:attachment":[{"href":"https:\/\/joannalyle.com\/it\/wp-json\/wp\/v2\/media?parent=17866"}],"wp:term":[{"taxonomy":"product_brand","embeddable":true,"href":"https:\/\/joannalyle.com\/it\/wp-json\/wp\/v2\/product_brand?post=17866"},{"taxonomy":"product_cat","embeddable":true,"href":"https:\/\/joannalyle.com\/it\/wp-json\/wp\/v2\/product_cat?post=17866"},{"taxonomy":"product_tag","embeddable":true,"href":"https:\/\/joannalyle.com\/it\/wp-json\/wp\/v2\/product_tag?post=17866"},{"taxonomy":"giftcard-category","embeddable":true,"href":"https:\/\/joannalyle.com\/it\/wp-json\/wp\/v2\/giftcard-category?post=17866"}],"curies":[{"name":"wp","href":"https:\/\/api.w.org\/{rel}","templated":true}]}}