{"id":20906,"date":"2025-04-07T11:40:02","date_gmt":"2025-04-07T09:40:02","guid":{"rendered":"https:\/\/joannalyle.com\/?post_type=product&#038;p=20906"},"modified":"2025-08-03T00:04:35","modified_gmt":"2025-08-02T22:04:35","slug":"juliette-blusa-in-casablanca-orchid-copia","status":"publish","type":"product","link":"https:\/\/joannalyle.com\/it\/prodotto\/juliette-blusa-in-casablanca-orchid-copia\/","title":{"rendered":"Juliette Blusa in Frecce Coral Rose"},"content":{"rendered":"<p>Blusa senza maniche con collo plissettato in misto seta e rami\u00e8.<\/p>\n<p>Il rami\u00e8, \u00e8 una fibra vegetale naturale simile al lino ma in realt\u00e0 pi\u00f9 simile nella consistenza alla seta, e dotata di numerose qualit\u00e0. Oltre ad essere antibatterica, anallergica e totalmente sostenibile, \u00e8 altamente assorbente e ti far\u00e0 sentire fresca per tutta l&#8217;estate!<\/p>\n<p>&nbsp;<\/p>\n","protected":false},"excerpt":{"rendered":"<p>&nbsp;<\/p>\n<p>&nbsp; [&#8230;]<\/p>\n<p><a class=\"btn btn-secondary understrap-read-more-link\" href=\"https:\/\/joannalyle.com\/it\/prodotto\/juliette-blusa-in-casablanca-orchid-copia\/\">Leggi di pi\u00f9&#8230;<span class=\"screen-reader-text\"> from Juliette Blusa in Frecce Coral Rose<\/span><\/a><\/p>\n","protected":false},"featured_media":20892,"template":"","meta":{"_acf_changed":false,"om_disable_all_campaigns":false,"_monsterinsights_skip_tracking":false,"_monsterinsights_sitenote_active":false,"_monsterinsights_sitenote_note":"","_monsterinsights_sitenote_category":0,"_uf_show_specific_survey":0,"_uf_disable_surveys":false},"product_brand":[],"product_cat":[657,649],"product_tag":[],"giftcard-category":[],"class_list":{"0":"post-20906","1":"product","2":"type-product","3":"status-publish","4":"has-post-thumbnail","6":"product_cat-camicie","7":"product_cat-donna","8":"pa_size-extra-small-on-request-it","9":"pa_size-large-it","10":"pa_size-medium-on-request-it","11":"pa_size-small-it","13":"first","14":"instock","15":"taxable","16":"shipping-taxable","17":"purchasable","18":"product-type-variable","19":"has-default-attributes"},"acf":[],"aioseo_notices":[],"_links":{"self":[{"href":"https:\/\/joannalyle.com\/it\/wp-json\/wp\/v2\/product\/20906","targetHints":{"allow":["GET"]}}],"collection":[{"href":"https:\/\/joannalyle.com\/it\/wp-json\/wp\/v2\/product"}],"about":[{"href":"https:\/\/joannalyle.com\/it\/wp-json\/wp\/v2\/types\/product"}],"wp:featuredmedia":[{"embeddable":true,"href":"https:\/\/joannalyle.com\/it\/wp-json\/wp\/v2\/media\/20892"}],"wp:attachment":[{"href":"https:\/\/joannalyle.com\/it\/wp-json\/wp\/v2\/media?parent=20906"}],"wp:term":[{"taxonomy":"product_brand","embeddable":true,"href":"https:\/\/joannalyle.com\/it\/wp-json\/wp\/v2\/product_brand?post=20906"},{"taxonomy":"product_cat","embeddable":true,"href":"https:\/\/joannalyle.com\/it\/wp-json\/wp\/v2\/product_cat?post=20906"},{"taxonomy":"product_tag","embeddable":true,"href":"https:\/\/joannalyle.com\/it\/wp-json\/wp\/v2\/product_tag?post=20906"},{"taxonomy":"giftcard-category","embeddable":true,"href":"https:\/\/joannalyle.com\/it\/wp-json\/wp\/v2\/giftcard-category?post=20906"}],"curies":[{"name":"wp","href":"https:\/\/api.w.org\/{rel}","templated":true}]}}