{"id":20987,"date":"2025-05-19T20:27:43","date_gmt":"2025-05-19T18:27:43","guid":{"rendered":"https:\/\/joannalyle.com\/?post_type=product&#038;p=20987"},"modified":"2025-10-07T01:24:44","modified_gmt":"2025-10-06T23:24:44","slug":"clarissa-abito-midi-in-frecce-violet-leaf","status":"publish","type":"product","link":"https:\/\/joannalyle.com\/it\/prodotto\/clarissa-abito-midi-in-frecce-violet-leaf\/","title":{"rendered":"Clarissa abito midi in Violet Leaf Frecce"},"content":{"rendered":"<p>&nbsp;<\/p>\n<p>Con scollo a barchetta e vita alta, l&#8217;abito Clarissa ha una silhouette molto femminile. Le maniche dolman sono divise dalla spalla e terminano appena sotto il gomito con un polsino profondo chiuso con 3 bottoni ricoperti.<\/p>\n<h5>Perfetto per ogni occasione compreso il matrimonio pi\u00f9 formale.<\/h5>\n<h5>La gonna a pannelli di media lunghezza \u00e8 sfoderata per un drappeggio maggiore con spacco frontale.<br \/>\nZip nascosta al centro dietro e chiusura con bottoni sul retro del collo.<\/h5>\n<p>L&#8217;abito Clarissa \u00e8 realizzato in una miscela di seta e rami\u00e8, una fibra vegetale naturale simile al lino ma di consistenza simile alla seta e che possiede molte qualit\u00e0. \u00c8 estremamente assorbente, antibatterica, anallergica e totalmente sostenibile.<\/p>\n<p>&nbsp;<\/p>\n","protected":false},"excerpt":{"rendered":"<p>Abito midi in seta e ramia. [&#8230;]<\/p>\n<p><a class=\"btn btn-secondary understrap-read-more-link\" href=\"https:\/\/joannalyle.com\/it\/prodotto\/clarissa-abito-midi-in-frecce-violet-leaf\/\">Leggi di pi\u00f9&#8230;<span class=\"screen-reader-text\"> from Clarissa abito midi in Violet Leaf Frecce<\/span><\/a><\/p>\n","protected":false},"featured_media":21007,"template":"","meta":{"_acf_changed":false,"om_disable_all_campaigns":false,"_monsterinsights_skip_tracking":false,"_monsterinsights_sitenote_active":false,"_monsterinsights_sitenote_note":"","_monsterinsights_sitenote_category":0,"_uf_show_specific_survey":0,"_uf_disable_surveys":false},"product_brand":[],"product_cat":[651,649],"product_tag":[],"giftcard-category":[],"class_list":{"0":"post-20987","1":"product","2":"type-product","3":"status-publish","4":"has-post-thumbnail","6":"product_cat-abiti","7":"product_cat-donna","8":"pa_size-extra-large","9":"pa_size-extra-small-it","10":"pa_size-large-on-request-it","11":"pa_size-medium","12":"pa_size-small-on-request-it","14":"first","15":"instock","16":"taxable","17":"shipping-taxable","18":"purchasable","19":"product-type-variable","20":"has-default-attributes"},"acf":[],"aioseo_notices":[],"_links":{"self":[{"href":"https:\/\/joannalyle.com\/it\/wp-json\/wp\/v2\/product\/20987","targetHints":{"allow":["GET"]}}],"collection":[{"href":"https:\/\/joannalyle.com\/it\/wp-json\/wp\/v2\/product"}],"about":[{"href":"https:\/\/joannalyle.com\/it\/wp-json\/wp\/v2\/types\/product"}],"wp:featuredmedia":[{"embeddable":true,"href":"https:\/\/joannalyle.com\/it\/wp-json\/wp\/v2\/media\/21007"}],"wp:attachment":[{"href":"https:\/\/joannalyle.com\/it\/wp-json\/wp\/v2\/media?parent=20987"}],"wp:term":[{"taxonomy":"product_brand","embeddable":true,"href":"https:\/\/joannalyle.com\/it\/wp-json\/wp\/v2\/product_brand?post=20987"},{"taxonomy":"product_cat","embeddable":true,"href":"https:\/\/joannalyle.com\/it\/wp-json\/wp\/v2\/product_cat?post=20987"},{"taxonomy":"product_tag","embeddable":true,"href":"https:\/\/joannalyle.com\/it\/wp-json\/wp\/v2\/product_tag?post=20987"},{"taxonomy":"giftcard-category","embeddable":true,"href":"https:\/\/joannalyle.com\/it\/wp-json\/wp\/v2\/giftcard-category?post=20987"}],"curies":[{"name":"wp","href":"https:\/\/api.w.org\/{rel}","templated":true}]}}