{"id":21381,"date":"2025-04-02T17:30:14","date_gmt":"2025-04-02T15:30:14","guid":{"rendered":"https:\/\/joannalyle.com\/?post_type=product&#038;p=21381"},"modified":"2025-10-07T01:24:40","modified_gmt":"2025-10-06T23:24:40","slug":"laura-camicia-in-frecce-coral-rose","status":"publish","type":"product","link":"https:\/\/joannalyle.com\/it\/prodotto\/laura-camicia-in-frecce-coral-rose\/","title":{"rendered":"Laura camicia in Frecce Coral Rose"},"content":{"rendered":"<p>&nbsp;<\/p>\n<h5>Camicia oversize dal taglio squadrato con spalla scesa, orlo curvo e maniche lunghe.<\/h5>\n<p>Realizzato in una miscela di seta e rami\u00e8, una fibra vegetale naturale simile al lino ma in realt\u00e0 pi\u00f9 simile nella consistenza alla seta, e dotata di molte qualit\u00e0. Oltre ad essere antibatterica, anallergica e totalmente sostenibile, \u00e8 altamente assorbente e ti far\u00e0 sentire fresca per tutta l&#8217;estate!<\/p>\n<p>&nbsp;<\/p>\n<p>&nbsp;<\/p>\n<h5><\/h5>\n<h5><\/h5>\n","protected":false},"excerpt":{"rendered":"<p>Camicia oversize dal taglio squadrato in seta e rami\u00e8, con spalla scesa e maniche lunghe. [&#8230;]<\/p>\n<p><a class=\"btn btn-secondary understrap-read-more-link\" href=\"https:\/\/joannalyle.com\/it\/prodotto\/laura-camicia-in-frecce-coral-rose\/\">Leggi di pi\u00f9&#8230;<span class=\"screen-reader-text\"> from Laura camicia in Frecce Coral Rose<\/span><\/a><\/p>\n","protected":false},"featured_media":21393,"template":"","meta":{"_acf_changed":false,"om_disable_all_campaigns":false,"_monsterinsights_skip_tracking":false,"_monsterinsights_sitenote_active":false,"_monsterinsights_sitenote_note":"","_monsterinsights_sitenote_category":0,"_uf_show_specific_survey":0,"_uf_disable_surveys":false},"product_brand":[],"product_cat":[657,649],"product_tag":[],"giftcard-category":[],"class_list":{"0":"post-21381","1":"product","2":"type-product","3":"status-publish","4":"has-post-thumbnail","6":"product_cat-camicie","7":"product_cat-donna","8":"pa_size-extra-large-on-request-it","9":"pa_size-extra-small-on-request-it","10":"pa_size-large-a-richiesta","11":"pa_size-medium","12":"pa_size-small-it","14":"first","15":"instock","16":"taxable","17":"shipping-taxable","18":"purchasable","19":"product-type-variable","20":"has-default-attributes"},"acf":[],"aioseo_notices":[],"_links":{"self":[{"href":"https:\/\/joannalyle.com\/it\/wp-json\/wp\/v2\/product\/21381","targetHints":{"allow":["GET"]}}],"collection":[{"href":"https:\/\/joannalyle.com\/it\/wp-json\/wp\/v2\/product"}],"about":[{"href":"https:\/\/joannalyle.com\/it\/wp-json\/wp\/v2\/types\/product"}],"wp:featuredmedia":[{"embeddable":true,"href":"https:\/\/joannalyle.com\/it\/wp-json\/wp\/v2\/media\/21393"}],"wp:attachment":[{"href":"https:\/\/joannalyle.com\/it\/wp-json\/wp\/v2\/media?parent=21381"}],"wp:term":[{"taxonomy":"product_brand","embeddable":true,"href":"https:\/\/joannalyle.com\/it\/wp-json\/wp\/v2\/product_brand?post=21381"},{"taxonomy":"product_cat","embeddable":true,"href":"https:\/\/joannalyle.com\/it\/wp-json\/wp\/v2\/product_cat?post=21381"},{"taxonomy":"product_tag","embeddable":true,"href":"https:\/\/joannalyle.com\/it\/wp-json\/wp\/v2\/product_tag?post=21381"},{"taxonomy":"giftcard-category","embeddable":true,"href":"https:\/\/joannalyle.com\/it\/wp-json\/wp\/v2\/giftcard-category?post=21381"}],"curies":[{"name":"wp","href":"https:\/\/api.w.org\/{rel}","templated":true}]}}