{"id":22460,"date":"2025-05-23T12:30:35","date_gmt":"2025-05-23T10:30:35","guid":{"rendered":"https:\/\/joannalyle.com\/product\/naomi-abito-caftano-in-green-apple-grande-foglia\/"},"modified":"2025-10-07T01:24:38","modified_gmt":"2025-10-06T23:24:38","slug":"naomi-abito-caftano-in-green-apple-grande-foglia","status":"publish","type":"product","link":"https:\/\/joannalyle.com\/it\/prodotto\/naomi-abito-caftano-in-green-apple-grande-foglia\/","title":{"rendered":"Naomi abito caftano in Green Apple Grande Foglia"},"content":{"rendered":"<p>Abito lungo caftano in cr\u00eape de chine di pura seta con la nostra nuova stampa Grande Foglia.<br \/>\nCon una morbida arricciatura al collo e una chiusura con un solo bottone, il nostro elegante abito Naomi \u00e8 leggermente pi\u00f9 strutturato del nostro caftano Lea, ma rimane ampio per un comfort ottimale, cos\u00ec potrai rimanere fresca anche nelle giornate pi\u00f9 calde. Perfetto per una festa formale, come abito da vacanza o per le serate estive pi\u00f9 romantiche!<\/p>\n<h5><\/h5>\n","protected":false},"excerpt":{"rendered":"<p>Abito caftano lungo in crepe de chine di pura seta. [&#8230;]<\/p>\n<p><a class=\"btn btn-secondary understrap-read-more-link\" href=\"https:\/\/joannalyle.com\/it\/prodotto\/naomi-abito-caftano-in-green-apple-grande-foglia\/\">Leggi di pi\u00f9&#8230;<span class=\"screen-reader-text\"> from Naomi abito caftano in Green Apple Grande Foglia<\/span><\/a><\/p>\n","protected":false},"featured_media":22441,"template":"","meta":{"_acf_changed":false,"om_disable_all_campaigns":false,"_monsterinsights_skip_tracking":false,"_monsterinsights_sitenote_active":false,"_monsterinsights_sitenote_note":"","_monsterinsights_sitenote_category":0,"_uf_show_specific_survey":0,"_uf_disable_surveys":false},"product_brand":[],"product_cat":[651,649],"product_tag":[],"giftcard-category":[],"class_list":{"0":"post-22460","1":"product","2":"type-product","3":"status-publish","4":"has-post-thumbnail","6":"product_cat-abiti","7":"product_cat-donna","8":"pa_size-taglia-unica","10":"first","11":"instock","12":"taxable","13":"shipping-taxable","14":"purchasable","15":"product-type-variable","16":"has-default-attributes"},"acf":[],"aioseo_notices":[],"_links":{"self":[{"href":"https:\/\/joannalyle.com\/it\/wp-json\/wp\/v2\/product\/22460","targetHints":{"allow":["GET"]}}],"collection":[{"href":"https:\/\/joannalyle.com\/it\/wp-json\/wp\/v2\/product"}],"about":[{"href":"https:\/\/joannalyle.com\/it\/wp-json\/wp\/v2\/types\/product"}],"wp:featuredmedia":[{"embeddable":true,"href":"https:\/\/joannalyle.com\/it\/wp-json\/wp\/v2\/media\/22441"}],"wp:attachment":[{"href":"https:\/\/joannalyle.com\/it\/wp-json\/wp\/v2\/media?parent=22460"}],"wp:term":[{"taxonomy":"product_brand","embeddable":true,"href":"https:\/\/joannalyle.com\/it\/wp-json\/wp\/v2\/product_brand?post=22460"},{"taxonomy":"product_cat","embeddable":true,"href":"https:\/\/joannalyle.com\/it\/wp-json\/wp\/v2\/product_cat?post=22460"},{"taxonomy":"product_tag","embeddable":true,"href":"https:\/\/joannalyle.com\/it\/wp-json\/wp\/v2\/product_tag?post=22460"},{"taxonomy":"giftcard-category","embeddable":true,"href":"https:\/\/joannalyle.com\/it\/wp-json\/wp\/v2\/giftcard-category?post=22460"}],"curies":[{"name":"wp","href":"https:\/\/api.w.org\/{rel}","templated":true}]}}